{"id":88,"date":"2017-11-23T17:39:19","date_gmt":"2017-11-23T16:39:19","guid":{"rendered":"http:\/\/bienenhahn.de\/?page_id=88"},"modified":"2025-12-09T15:00:31","modified_gmt":"2025-12-09T14:00:31","slug":"bienengesundheit","status":"publish","type":"page","link":"https:\/\/bienenhahn.de\/?page_id=88","title":{"rendered":"Bienengesundheit"},"content":{"rendered":"<p><strong>Was tun wir als Imker f\u00fcr die Gesundheit unserer Bienen?<\/strong><\/p>\n<p>Wir lassen in jedem Herbst eine mikrobiologische Untersuchung durch das Veterin\u00e4ramt durchf\u00fchren.<\/p>\n<p>Das Veterin\u00e4ramt bescheinigt uns daraufhin die Seuchenfreiheit nach \u00a75 der Bienenseuchenverordnung, besser bekannt als Gesundheitszeugnis.\u00a0 Nur damit k\u00f6nnen wir in Fr\u00fchjahr \u00fcberz\u00e4hlige V\u00f6lker verkaufen.<\/p>\n<p>Wir haben unsere Betriebsweise seit 2018 wie folgt angepasst:<\/p>\n<p>Nach der letzten Honigernte erhalten fast alle V\u00f6lker eine junge K\u00f6nigin. Sp\u00e4testens nach zwei Jahren werden die K\u00f6niginnen ausgetauscht. Dies sichert die Vitalit\u00e4t des Bienenvolkes und minimiert die Gefahr von Winterverlusten. Um die V\u00f6lker im Sommer zur Varroabehandlung brutfrei zu bekommen, nutzen wir Scalvini K\u00e4fige. Ein biomechanisches Verfahren aus Italien.<\/p>\n<p>Die Entmilbung wird schonend mit Klees\u00e4ure (Oxals\u00e4ure) durchgef\u00fchrt. Klees\u00e4ure ist eine organische S\u00e4ure und kommt in hohen Konzentrationen auch in Rhabarber vor.<\/p>\n<p>Wir arbeiten nach der Methode der schadschwellenbasierten Behandlung nach Dr. Christian Dreher.<\/p>\n<p>Alle Beuten sind durch die gut isolierte Segeberger Beute ersetzt, um einen optimalen Start der V\u00f6lker im Fr\u00fchjahr zu gew\u00e4hrleisten.<\/p>\n<p>Seit 2020 betreiben wir einen eigenen Wachskreislauf.<\/p>\n<p><img loading=\"lazy\" decoding=\"async\" class=\"size-full wp-image-417\" style=\"color: initial;\" src=\"http:\/\/bienenhahn.de\/wp-content\/uploads\/2018\/06\/neuebeuten.jpg\" alt=\"\" width=\"450\" height=\"338\" srcset=\"https:\/\/bienenhahn.de\/wp-content\/uploads\/2018\/06\/neuebeuten.jpg 450w, https:\/\/bienenhahn.de\/wp-content\/uploads\/2018\/06\/neuebeuten-300x225.jpg 300w, https:\/\/bienenhahn.de\/wp-content\/uploads\/2018\/06\/neuebeuten-359x270.jpg 359w\" sizes=\"auto, (max-width: 450px) 100vw, 450px\" \/><\/p>\n<p>Segeberger Beuten<\/p>\n<hr \/>\n<p>Ende August 2017 waren wir bei der AFB Sanierung (Amerikanische Faulbrut) einer Berufsimkerei in Sachsen als Helfer t\u00e4tig.<\/p>\n<p>Hier konnten unter gro\u00dfen Anstrengungen 470 V\u00f6lker gerettet werden.<br \/>\nAn zwei Tagen konnten wir unter Anleitung des internationalen Bienenexperten Guido Eich vom LAVES Celle bei der Rettung von zahlreichen Bienenv\u00f6lkern helfen.<br \/>\nDer Einsatz war sehr lehrreich, aber auch k\u00f6rperlich sehr anstrengend. Zum Einsatz kam auch das Gesundheitsmobil des Landesverbandes Brandenburg.<\/p>\n<p>Alle Bilder von Imkerfreund Norbert Reinhardt.<\/p>\n<table style=\"height: 314px;\" width=\"661\">\n<tbody>\n<tr>\n<td width=\"302\">\n<p><figure id=\"attachment_6\" aria-describedby=\"caption-attachment-6\" style=\"width: 300px\" class=\"wp-caption aligncenter\"><img loading=\"lazy\" decoding=\"async\" class=\"size-medium wp-image-6\" src=\"http:\/\/bienenhahn.de\/wp-content\/uploads\/2017\/11\/mobil1-300x242.jpg\" alt=\"\" width=\"300\" height=\"242\" srcset=\"https:\/\/bienenhahn.de\/wp-content\/uploads\/2017\/11\/mobil1-300x242.jpg 300w, https:\/\/bienenhahn.de\/wp-content\/uploads\/2017\/11\/mobil1.jpg 400w\" sizes=\"auto, (max-width: 300px) 100vw, 300px\" \/><figcaption id=\"caption-attachment-6\" class=\"wp-caption-text\">Gesundheitsmobil<\/figcaption><\/figure><\/td>\n<td width=\"302\">\n<p><figure id=\"attachment_5\" aria-describedby=\"caption-attachment-5\" style=\"width: 300px\" class=\"wp-caption aligncenter\"><img loading=\"lazy\" decoding=\"async\" class=\"size-medium wp-image-5\" src=\"http:\/\/bienenhahn.de\/wp-content\/uploads\/2017\/11\/afb1-300x224.jpg\" alt=\"\" width=\"300\" height=\"224\" srcset=\"https:\/\/bienenhahn.de\/wp-content\/uploads\/2017\/11\/afb1-300x224.jpg 300w, https:\/\/bienenhahn.de\/wp-content\/uploads\/2017\/11\/afb1.jpg 400w\" sizes=\"auto, (max-width: 300px) 100vw, 300px\" \/><figcaption id=\"caption-attachment-5\" class=\"wp-caption-text\">AFB Sanierung<\/figcaption><\/figure><\/td>\n<\/tr>\n<\/tbody>\n<\/table>\n<table>\n<tbody>\n<tr>\n<td width=\"604\">\n<p><figure id=\"attachment_205\" aria-describedby=\"caption-attachment-205\" style=\"width: 640px\" class=\"wp-caption alignleft\"><img loading=\"lazy\" decoding=\"async\" class=\"wp-image-205 size-large\" src=\"http:\/\/bienenhahn.de\/wp-content\/uploads\/2017\/11\/afb1-1-1024x855.jpg\" alt=\"\" width=\"640\" height=\"534\" srcset=\"https:\/\/bienenhahn.de\/wp-content\/uploads\/2017\/11\/afb1-1-1024x855.jpg 1024w, https:\/\/bienenhahn.de\/wp-content\/uploads\/2017\/11\/afb1-1-300x250.jpg 300w, https:\/\/bienenhahn.de\/wp-content\/uploads\/2017\/11\/afb1-1-768x641.jpg 768w, https:\/\/bienenhahn.de\/wp-content\/uploads\/2017\/11\/afb1-1-323x270.jpg 323w, https:\/\/bienenhahn.de\/wp-content\/uploads\/2017\/11\/afb1-1.jpg 1095w\" sizes=\"auto, (max-width: 640px) 100vw, 640px\" \/><figcaption id=\"caption-attachment-205\" class=\"wp-caption-text\">Kunstschwarmbildung mit Entnahme aller Waben<\/figcaption><\/figure><\/td>\n<\/tr>\n<tr>\n<td width=\"604\">\n<p><figure id=\"attachment_206\" aria-describedby=\"caption-attachment-206\" style=\"width: 500px\" class=\"wp-caption alignleft\"><img loading=\"lazy\" decoding=\"async\" class=\"size-full wp-image-206\" src=\"http:\/\/bienenhahn.de\/wp-content\/uploads\/2017\/11\/afb3.jpg\" alt=\"\" width=\"500\" height=\"466\" srcset=\"https:\/\/bienenhahn.de\/wp-content\/uploads\/2017\/11\/afb3.jpg 500w, https:\/\/bienenhahn.de\/wp-content\/uploads\/2017\/11\/afb3-300x280.jpg 300w, https:\/\/bienenhahn.de\/wp-content\/uploads\/2017\/11\/afb3-290x270.jpg 290w\" sizes=\"auto, (max-width: 500px) 100vw, 500px\" \/><figcaption id=\"caption-attachment-206\" class=\"wp-caption-text\">Kunstschwarmbildung<\/figcaption><\/figure><\/td>\n<\/tr>\n<tr>\n<td width=\"604\">\n<p><figure id=\"attachment_207\" aria-describedby=\"caption-attachment-207\" style=\"width: 500px\" class=\"wp-caption alignleft\"><img loading=\"lazy\" decoding=\"async\" class=\"size-full wp-image-207\" src=\"http:\/\/bienenhahn.de\/wp-content\/uploads\/2017\/11\/afb4.jpg\" alt=\"\" width=\"500\" height=\"417\" srcset=\"https:\/\/bienenhahn.de\/wp-content\/uploads\/2017\/11\/afb4.jpg 500w, https:\/\/bienenhahn.de\/wp-content\/uploads\/2017\/11\/afb4-300x250.jpg 300w, https:\/\/bienenhahn.de\/wp-content\/uploads\/2017\/11\/afb4-324x270.jpg 324w\" sizes=\"auto, (max-width: 500px) 100vw, 500px\" \/><figcaption id=\"caption-attachment-207\" class=\"wp-caption-text\">Kunstschwarmbildung und Entsorgung aller Waben<\/figcaption><\/figure><\/td>\n<\/tr>\n<tr>\n<td width=\"604\">\n<p><figure id=\"attachment_208\" aria-describedby=\"caption-attachment-208\" style=\"width: 500px\" class=\"wp-caption alignleft\"><img loading=\"lazy\" decoding=\"async\" class=\"size-full wp-image-208\" src=\"http:\/\/bienenhahn.de\/wp-content\/uploads\/2017\/11\/afb5.jpg\" alt=\"\" width=\"500\" height=\"512\" srcset=\"https:\/\/bienenhahn.de\/wp-content\/uploads\/2017\/11\/afb5.jpg 500w, https:\/\/bienenhahn.de\/wp-content\/uploads\/2017\/11\/afb5-293x300.jpg 293w, https:\/\/bienenhahn.de\/wp-content\/uploads\/2017\/11\/afb5-264x270.jpg 264w\" sizes=\"auto, (max-width: 500px) 100vw, 500px\" \/><figcaption id=\"caption-attachment-208\" class=\"wp-caption-text\">Reinigung aller Materialien mit kochendem \u00c4tznatron<\/figcaption><\/figure><\/td>\n<\/tr>\n<\/tbody>\n<\/table>\n<p>Faulbrut ist eine bakterielle Brutkrankheit und gilt in Deutschland als Tierseuche. F\u00fcr den Menschen ist die Seuche ungef\u00e4hrlich.\u00a0Die Bezeichnung bezieht sich auf das Ursprungsland, tritt aber weltweit auf. Die \u00dcbertragung erfolgt \u00fcber Sporen durch K\u00f6rperkontakt und Futteraustausch. In den D\u00e4rmen der Bienenlarven keimen die Sporen aus und vermehren sich. Die Larve stirbt und damit geht das ganze Bienenvolk zugrunde.<\/p>\n<p>Nach Festellung der AFB \u00fcbernimmt das zust\u00e4ndige Veterin\u00e4ramt die notwendigen Ma\u00dfnahmen. Meist ist nicht nur eine Imkerei, sondern viele Imkereien im Umkreis befallen. Die V\u00f6lker werden beprobt, um zu entscheiden, wie mit der Bek\u00e4mpfung der Seuche zu verfahren ist. Das Veterin\u00e4ramt kann die Abt\u00f6tung aller befallenden V\u00f6lker oder eine AFB-Sanierung anordnen. Sanierung bedeutet, Verkunstschwarmung aller V\u00f6lker und Desinfektion aller Beuten. Das Wabenmaterial wird vernichtet oder eingeschmolzen.<\/p>\n<p>Leider ist das j\u00e4hrliche geb\u00fchrenfreie Faulbrutmonitoring in unserem Landkreis 2021 eingestellt worden. V\u00f6lker werden nur noch auf Antrag und gegen Geb\u00fchr vom Veterin\u00e4ramt beprobt. Der Ausbreitung der amerikanischen Faulbrut wird hier regelrecht Vorschub geleistet.<\/p>\n ","protected":false},"excerpt":{"rendered":"<p>Was tun wir als Imker f\u00fcr die Gesundheit unserer Bienen? Wir lassen in jedem Herbst eine mikrobiologische Untersuchung durch das Veterin\u00e4ramt durchf\u00fchren. Das Veterin\u00e4ramt bescheinigt uns daraufhin die Seuchenfreiheit nach \u00a75 der Bienenseuchenverordnung, besser bekannt als Gesundheitszeugnis.\u00a0 Nur damit k\u00f6nnen wir in Fr\u00fchjahr \u00fcberz\u00e4hlige V\u00f6lker verkaufen. Wir haben unsere Betriebsweise seit 2018 wie folgt angepasst: Nach der letzten Honigernte erhalten fast alle V\u00f6lker eine junge K\u00f6nigin. Sp\u00e4testens nach zwei Jahren werden die K\u00f6niginnen ausgetauscht. Dies sichert die Vitalit\u00e4t des Bienenvolkes&#8230;<\/p>\n<p class=\"read-more\"><a class=\"btn btn-default\" href=\"https:\/\/bienenhahn.de\/?page_id=88\">Weiterlesen<span class=\"screen-reader-text\"> Weiterlesen<\/span><\/a><\/p>\n","protected":false},"author":1,"featured_media":1596,"parent":0,"menu_order":0,"comment_status":"closed","ping_status":"closed","template":"","meta":{"footnotes":""},"class_list":["post-88","page","type-page","status-publish","has-post-thumbnail","hentry"],"_links":{"self":[{"href":"https:\/\/bienenhahn.de\/index.php?rest_route=\/wp\/v2\/pages\/88","targetHints":{"allow":["GET"]}}],"collection":[{"href":"https:\/\/bienenhahn.de\/index.php?rest_route=\/wp\/v2\/pages"}],"about":[{"href":"https:\/\/bienenhahn.de\/index.php?rest_route=\/wp\/v2\/types\/page"}],"author":[{"embeddable":true,"href":"https:\/\/bienenhahn.de\/index.php?rest_route=\/wp\/v2\/users\/1"}],"replies":[{"embeddable":true,"href":"https:\/\/bienenhahn.de\/index.php?rest_route=%2Fwp%2Fv2%2Fcomments&post=88"}],"version-history":[{"count":41,"href":"https:\/\/bienenhahn.de\/index.php?rest_route=\/wp\/v2\/pages\/88\/revisions"}],"predecessor-version":[{"id":1699,"href":"https:\/\/bienenhahn.de\/index.php?rest_route=\/wp\/v2\/pages\/88\/revisions\/1699"}],"wp:featuredmedia":[{"embeddable":true,"href":"https:\/\/bienenhahn.de\/index.php?rest_route=\/wp\/v2\/media\/1596"}],"wp:attachment":[{"href":"https:\/\/bienenhahn.de\/index.php?rest_route=%2Fwp%2Fv2%2Fmedia&parent=88"}],"curies":[{"name":"wp","href":"https:\/\/api.w.org\/{rel}","templated":true}]}}