{"id":48,"date":"2017-11-23T15:48:23","date_gmt":"2017-11-23T15:48:23","guid":{"rendered":"http:\/\/bienenhahn.de\/?page_id=48"},"modified":"2025-12-16T19:34:43","modified_gmt":"2025-12-16T18:34:43","slug":"die-hobby-imkerei-von-beate-und-matthias-in-teltow","status":"publish","type":"page","link":"https:\/\/bienenhahn.de\/","title":{"rendered":"Willkommen!"},"content":{"rendered":"\n<p><\/p>\n\n\n\n<hr class=\"wp-block-separator has-alpha-channel-opacity\"\/>\n\n\n\n<p class=\"has-text-align-center\"><strong>Willkommen auf den Seiten der Imkerei von Beate und Matthias in Teltow, die Imkerei Bienenhahn!<\/strong><\/p>\n\n\n<div class=\"wp-block-image\">\n<figure class=\"aligncenter\"><img loading=\"lazy\" decoding=\"async\" width=\"458\" height=\"286\" src=\"http:\/\/bienenhahn.de\/wp-content\/uploads\/2019\/07\/Schild_20190715_210705.jpg\" alt=\"\" class=\"wp-image-709\" srcset=\"https:\/\/bienenhahn.de\/wp-content\/uploads\/2019\/07\/Schild_20190715_210705.jpg 458w, https:\/\/bienenhahn.de\/wp-content\/uploads\/2019\/07\/Schild_20190715_210705-300x187.jpg 300w, https:\/\/bienenhahn.de\/wp-content\/uploads\/2019\/07\/Schild_20190715_210705-432x270.jpg 432w\" sizes=\"auto, (max-width: 458px) 100vw, 458px\" \/><\/figure>\n<\/div>\n\n\n<p>Unseren Honig erhalten sie:<\/p>\n\n\n\n<p>Direkt bei uns, hier ist neben Barzahlung auch Kartenzahlung (Apple Pay, Google Pay etc.) und PayPal m\u00f6glich.<\/p>\n\n\n\n<p>In der<a href=\"https:\/\/www.teltow.de\/seite\/706509\/tourist-information.html#content\" target=\"_blank\" rel=\"noreferrer noopener\"> Tourist Information im Teltower Rathaus<\/a> am Marktplatz 1-3,<\/p>\n\n\n\n<p>im <a href=\"https:\/\/www.dorfstr19.de\/\" target=\"_blank\" rel=\"noopener\">Hofladen &#8211; Dorfstrasse 19 in Teltow-Ruhlsdorf&nbsp;<\/a><\/p>\n\n\n\n<p>in der <a href=\"https:\/\/konditorei-schroeter.de\/\" data-type=\"link\" data-id=\"https:\/\/konditorei-schroeter.de\/\">Konditorei Schroeter<\/a> in Berlin-Lichterfelde; Enzianstr. 1<\/p>\n\n\n\n<p>im <a href=\"https:\/\/www.dreikaesehoch.berlin\/\" data-type=\"link\" data-id=\"https:\/\/www.dreikaesehoch.berlin\/\" target=\"_blank\" rel=\"noreferrer noopener\">Caf\u00e9 Dreik\u00e4sehoch<\/a> in der Berliner Str.2 in Teltow<\/p>\n\n\n\n<p><\/p>\n\n\n\n<p>Mit dem Kauf von lokalem Honig unterst\u00fctzen sie die Bienenhaltung und damit den Erhalt der Best\u00e4ubungsleistung in ihrem eigenen Garten.<\/p>\n\n\n\n<p>Wir unterst\u00fctzen die Initiative des Deutschen Berufs- und Erwerbsimkerbundes e.V. <\/p>\n\n\n\n<p><a href=\"https:\/\/www.honigretten.de\/\" data-type=\"link\" data-id=\"https:\/\/www.honigretten.de\/\" target=\"_blank\" rel=\"noreferrer noopener\">Honig retten!<\/a><\/p>\n\n\n\n<p>Gemeinsam gegen Honigf\u00e4lschungen &#8211; F\u00fcr den Erhalt heimischer Landwirtschaft und regionaler Produktion.<\/p>\n\n\n\n<hr class=\"wp-block-separator has-alpha-channel-opacity\"\/>\n\n\n\n<p><\/p>\n\n\n<div class=\"wp-block-image\">\n<figure class=\"aligncenter\"><img loading=\"lazy\" decoding=\"async\" width=\"1131\" height=\"758\" src=\"https:\/\/bienenhahn.de\/wp-content\/uploads\/2021\/08\/Imkerei0821.jpg\" alt=\"\" class=\"wp-image-1198\" srcset=\"https:\/\/bienenhahn.de\/wp-content\/uploads\/2021\/08\/Imkerei0821.jpg 1131w, https:\/\/bienenhahn.de\/wp-content\/uploads\/2021\/08\/Imkerei0821-300x201.jpg 300w, https:\/\/bienenhahn.de\/wp-content\/uploads\/2021\/08\/Imkerei0821-1024x686.jpg 1024w, https:\/\/bienenhahn.de\/wp-content\/uploads\/2021\/08\/Imkerei0821-768x515.jpg 768w, https:\/\/bienenhahn.de\/wp-content\/uploads\/2021\/08\/Imkerei0821-403x270.jpg 403w\" sizes=\"auto, (max-width: 1131px) 100vw, 1131px\" \/><\/figure>\n<\/div>\n\n\n<hr class=\"wp-block-separator has-alpha-channel-opacity\"\/>\n\n\n\n<p>Auch im Jahr 2025 spendeten wir wieder Honig f\u00fcr das <a href=\"https:\/\/www.maz-online.de\/Lokales\/Potsdam-Mittelmark\/Teltow\/Weihnachten-Teltow-Imker-spenden-Honig-an-Kirche-fuer-Beduerftige\" target=\"_blank\" rel=\"noreferrer noopener\">Projekt &#8222;Engel und Mensch<\/a>. Hier werden Menschen unterst\u00fctzt, die Weihnachten in Einsamkeit verbringen. Eine Initiative der Stadt Teltow und der Kirchengemeinde Teltow. Die Honigspende hat bei uns bereits eine langj\u00e4hrige Tradition.<\/p>\n\n\n\n<hr class=\"wp-block-separator has-alpha-channel-opacity\"\/>\n\n\n\n<p><strong>Teltower Honig direkt vom Imker<\/strong><\/p>\n\n\n\n<p>Die heutige Zeit wird haupts\u00e4chlich von Konzernen und automatisiert hergestellten Produkten dominiert. Wir bilden mit unserer kleinen Imkerei einen Gegenpol dazu. Regionaler und menschlicher Bezug zwischen Erzeuger und Verbraucher anstatt automatisiertes Massenprodukt. Bei uns ist alles individuelle Handarbeit. Der Weg vom Bienenvolk bis zum Glas ist sehr kurz. Schonender l\u00e4\u00dft sich Honig nicht verarbeiten.<\/p>\n\n\n\n<hr class=\"wp-block-separator has-alpha-channel-opacity is-style-wide\"\/>\n\n\n\n<p>Blick zur\u00fcck:<\/p>\n\n\n\n<p>Im Jahr 2025 richteten wir zwei Veranstaltungen auf der Streuobstwiese der Stadt Teltow aus.<\/p>\n\n\n\n<figure class=\"wp-block-image\"><img loading=\"lazy\" decoding=\"async\" width=\"856\" height=\"758\" src=\"https:\/\/bienenhahn.de\/wp-content\/uploads\/2024\/03\/SOW_2023a.jpg\" alt=\"Faszination Honigbiene 2023\" class=\"wp-image-1482\" srcset=\"https:\/\/bienenhahn.de\/wp-content\/uploads\/2024\/03\/SOW_2023a.jpg 856w, https:\/\/bienenhahn.de\/wp-content\/uploads\/2024\/03\/SOW_2023a-300x266.jpg 300w, https:\/\/bienenhahn.de\/wp-content\/uploads\/2024\/03\/SOW_2023a-768x680.jpg 768w, https:\/\/bienenhahn.de\/wp-content\/uploads\/2024\/03\/SOW_2023a-305x270.jpg 305w\" sizes=\"auto, (max-width: 856px) 100vw, 856px\" \/><\/figure>\n\n\n\n<p>Viele <span style=\"font-size: revert; color: initial;\">Bieneninteressierte besuchten &#8222;Faszination Honigbiene&#8220;.<\/span><\/p>\n\n\n\n<hr class=\"wp-block-separator has-alpha-channel-opacity\"\/>\n\n\n\n<figure class=\"wp-block-image size-large\"><img loading=\"lazy\" decoding=\"async\" width=\"1024\" height=\"1024\" src=\"https:\/\/bienenhahn.de\/wp-content\/uploads\/2023\/11\/Koelle-2013_20231116_165322_183-1024x1024.jpg\" alt=\"Unser Stand auf dem Wintermarkt 2023 bei Pflanzen-K\u00f6lle in Teltow\" class=\"wp-image-1429\" srcset=\"https:\/\/bienenhahn.de\/wp-content\/uploads\/2023\/11\/Koelle-2013_20231116_165322_183-1024x1024.jpg 1024w, https:\/\/bienenhahn.de\/wp-content\/uploads\/2023\/11\/Koelle-2013_20231116_165322_183-300x300.jpg 300w, https:\/\/bienenhahn.de\/wp-content\/uploads\/2023\/11\/Koelle-2013_20231116_165322_183-150x150.jpg 150w, https:\/\/bienenhahn.de\/wp-content\/uploads\/2023\/11\/Koelle-2013_20231116_165322_183-768x768.jpg 768w, https:\/\/bienenhahn.de\/wp-content\/uploads\/2023\/11\/Koelle-2013_20231116_165322_183-270x270.jpg 270w, https:\/\/bienenhahn.de\/wp-content\/uploads\/2023\/11\/Koelle-2013_20231116_165322_183.jpg 1440w\" sizes=\"auto, (max-width: 1024px) 100vw, 1024px\" \/><figcaption class=\"wp-element-caption\">Unser Stand auf dem Wintermarkt 2023 bei Pflanzen-K\u00f6lle in Teltow<\/figcaption><\/figure>\n\n\n\n<p>______________________________________________________________________<\/p>\n\n\n\n<p><\/p>\n\n\n\n<p>Unsere Honige haben mehrfach am Honigleistungswettbewerb des Landes Brandenburg teilgenommen und wurden immer mit Silber- und Goldmedaille ausgezeichnet.<\/p>\n\n\n\n<figure class=\"wp-block-image\"><img loading=\"lazy\" decoding=\"async\" width=\"1200\" height=\"539\" src=\"https:\/\/bienenhahn.de\/wp-content\/uploads\/2021\/07\/medaillen.jpg\" alt=\"\" class=\"wp-image-1170\" srcset=\"https:\/\/bienenhahn.de\/wp-content\/uploads\/2021\/07\/medaillen.jpg 1200w, https:\/\/bienenhahn.de\/wp-content\/uploads\/2021\/07\/medaillen-300x135.jpg 300w, https:\/\/bienenhahn.de\/wp-content\/uploads\/2021\/07\/medaillen-1024x460.jpg 1024w, https:\/\/bienenhahn.de\/wp-content\/uploads\/2021\/07\/medaillen-768x345.jpg 768w, https:\/\/bienenhahn.de\/wp-content\/uploads\/2021\/07\/medaillen-601x270.jpg 601w\" sizes=\"auto, (max-width: 1200px) 100vw, 1200px\" \/><\/figure>\n\n\n\n<hr class=\"wp-block-separator has-alpha-channel-opacity\"\/>\n\n\n\n<p>Seit 2018 ist unser Honig in der Tourist Information im Teltower Rathaus erh\u00e4ltlich.<\/p>\n\n\n\n<figure class=\"wp-block-image\"><img loading=\"lazy\" decoding=\"async\" width=\"3024\" height=\"4032\" src=\"http:\/\/bienenhahn.de\/wp-content\/uploads\/2018\/08\/rathaus.jpg\" alt=\"\" class=\"wp-image-489\" srcset=\"https:\/\/bienenhahn.de\/wp-content\/uploads\/2018\/08\/rathaus.jpg 3024w, https:\/\/bienenhahn.de\/wp-content\/uploads\/2018\/08\/rathaus-225x300.jpg 225w, https:\/\/bienenhahn.de\/wp-content\/uploads\/2018\/08\/rathaus-768x1024.jpg 768w, https:\/\/bienenhahn.de\/wp-content\/uploads\/2018\/08\/rathaus-203x270.jpg 203w\" sizes=\"auto, (max-width: 3024px) 100vw, 3024px\" \/><\/figure>\n\n\n\n<p>Tourist Information Teltow<\/p>\n\n\n\n<hr class=\"wp-block-separator has-alpha-channel-opacity\"\/>\n ","protected":false},"excerpt":{"rendered":"<p>Willkommen auf den Seiten der Imkerei von Beate und Matthias in Teltow, die Imkerei Bienenhahn! Unseren Honig erhalten sie: Direkt bei uns, hier ist neben Barzahlung auch Kartenzahlung (Apple Pay, Google Pay etc.) und PayPal m\u00f6glich. In der Tourist Information im Teltower Rathaus am Marktplatz 1-3, im Hofladen &#8211; Dorfstrasse 19 in Teltow-Ruhlsdorf&nbsp; in der Konditorei Schroeter in Berlin-Lichterfelde; Enzianstr. 1 im Caf\u00e9 Dreik\u00e4sehoch in der Berliner Str.2 in Teltow Mit dem Kauf von lokalem Honig unterst\u00fctzen sie die Bienenhaltung&#8230;<\/p>\n<p class=\"read-more\"><a class=\"btn btn-default\" href=\"https:\/\/bienenhahn.de\/\">Weiterlesen<span class=\"screen-reader-text\"> Weiterlesen<\/span><\/a><\/p>\n","protected":false},"author":1,"featured_media":0,"parent":0,"menu_order":0,"comment_status":"closed","ping_status":"closed","template":"","meta":{"footnotes":""},"class_list":["post-48","page","type-page","status-publish","hentry"],"_links":{"self":[{"href":"https:\/\/bienenhahn.de\/index.php?rest_route=\/wp\/v2\/pages\/48","targetHints":{"allow":["GET"]}}],"collection":[{"href":"https:\/\/bienenhahn.de\/index.php?rest_route=\/wp\/v2\/pages"}],"about":[{"href":"https:\/\/bienenhahn.de\/index.php?rest_route=\/wp\/v2\/types\/page"}],"author":[{"embeddable":true,"href":"https:\/\/bienenhahn.de\/index.php?rest_route=\/wp\/v2\/users\/1"}],"replies":[{"embeddable":true,"href":"https:\/\/bienenhahn.de\/index.php?rest_route=%2Fwp%2Fv2%2Fcomments&post=48"}],"version-history":[{"count":322,"href":"https:\/\/bienenhahn.de\/index.php?rest_route=\/wp\/v2\/pages\/48\/revisions"}],"predecessor-version":[{"id":1710,"href":"https:\/\/bienenhahn.de\/index.php?rest_route=\/wp\/v2\/pages\/48\/revisions\/1710"}],"wp:attachment":[{"href":"https:\/\/bienenhahn.de\/index.php?rest_route=%2Fwp%2Fv2%2Fmedia&parent=48"}],"curies":[{"name":"wp","href":"https:\/\/api.w.org\/{rel}","templated":true}]}}