{"id":466,"date":"2018-07-04T13:10:18","date_gmt":"2018-07-04T11:10:18","guid":{"rendered":"http:\/\/bienenhahn.de\/?page_id=466"},"modified":"2026-04-06T08:58:54","modified_gmt":"2026-04-06T06:58:54","slug":"voelkervermehrung","status":"publish","type":"page","link":"https:\/\/bienenhahn.de\/?page_id=466","title":{"rendered":"V\u00f6lkervermehrung"},"content":{"rendered":"<p>Die neuen V\u00f6lker werden bei uns ausschlie\u00dflich \u00fcber das Kunstschwarmverfahren w\u00e4hrend der letzten Honigernte vermehrt. Klassische Ableger erstellen wir praktisch nicht.<\/p>\n<p>Am Tag der letzten Honigernte (hier Lindentracht) werden die Bienen aus den Honigr\u00e4umen verschiedener V\u00f6lker zu neuen Einheiten vereint. Dazu werden die vollen Honigr\u00e4ume \u00fcber eine Bienenflucht gestapelt. In der Beute darunter befindet sich eine junge K\u00f6nigin mit Brut aus ihrem Begattungsk\u00e4stchen und neue Mittelw\u00e4nde.\u00a0 Nach einem Tag werden die bienenleeren Honigr\u00e4ume abgenommen und geschleudert. Das neue Volk erh\u00e4lt reichlich fl\u00fcssiges Futter. In einem Zeitfenster von 9 Tagen erfolgt die Spr\u00fchbehandlung mit Oxals\u00e4ure gegen die Varroamilbe.<\/p>\n<p>\u00dcberz\u00e4hlige V\u00f6lker werden im Fr\u00fchjahr verkauft. Dazu wird bereits im Herbst eine Seuchenfreiheitsbescheinigung beim Veterin\u00e4ramt beantragt. Daraufhin erfolgt die Beprobung aller V\u00f6lker.<\/p>\n<p>Der Verkauf von Wirtschaftsv\u00f6lkern ist f\u00fcr 2026 abgeschlossen.<\/p>\n<p>Interessenten f\u00fcr Ableger mit junger standbegatteter K\u00f6nigin k\u00f6nnen sich gerne melden. Die Abgabe erfolgt fr\u00fchestens im Juni. Das Wabenma\u00df ist DN1,5.<\/p>\n<p>Bei Bedarf erstellen wir auch im Juli Kunstschw\u00e4rme mit zugekaufter F1 Buckfast K\u00f6nigin.<\/p>\n<p>Rufen sie uns an!<\/p>\n<p>&nbsp;<\/p>\n ","protected":false},"excerpt":{"rendered":"<p>Die neuen V\u00f6lker werden bei uns ausschlie\u00dflich \u00fcber das Kunstschwarmverfahren w\u00e4hrend der letzten Honigernte vermehrt. Klassische Ableger erstellen wir praktisch nicht. Am Tag der letzten Honigernte (hier Lindentracht) werden die Bienen aus den Honigr\u00e4umen verschiedener V\u00f6lker zu neuen Einheiten vereint. Dazu werden die vollen Honigr\u00e4ume \u00fcber eine Bienenflucht gestapelt. In der Beute darunter befindet sich eine junge K\u00f6nigin mit Brut aus ihrem Begattungsk\u00e4stchen und neue Mittelw\u00e4nde.\u00a0 Nach einem Tag werden die bienenleeren Honigr\u00e4ume abgenommen und geschleudert. Das neue Volk erh\u00e4lt&#8230;<\/p>\n<p class=\"read-more\"><a class=\"btn btn-default\" href=\"https:\/\/bienenhahn.de\/?page_id=466\">Weiterlesen<span class=\"screen-reader-text\"> Weiterlesen<\/span><\/a><\/p>\n","protected":false},"author":1,"featured_media":0,"parent":0,"menu_order":0,"comment_status":"closed","ping_status":"closed","template":"","meta":{"footnotes":""},"class_list":["post-466","page","type-page","status-publish","hentry"],"_links":{"self":[{"href":"https:\/\/bienenhahn.de\/index.php?rest_route=\/wp\/v2\/pages\/466","targetHints":{"allow":["GET"]}}],"collection":[{"href":"https:\/\/bienenhahn.de\/index.php?rest_route=\/wp\/v2\/pages"}],"about":[{"href":"https:\/\/bienenhahn.de\/index.php?rest_route=\/wp\/v2\/types\/page"}],"author":[{"embeddable":true,"href":"https:\/\/bienenhahn.de\/index.php?rest_route=\/wp\/v2\/users\/1"}],"replies":[{"embeddable":true,"href":"https:\/\/bienenhahn.de\/index.php?rest_route=%2Fwp%2Fv2%2Fcomments&post=466"}],"version-history":[{"count":31,"href":"https:\/\/bienenhahn.de\/index.php?rest_route=\/wp\/v2\/pages\/466\/revisions"}],"predecessor-version":[{"id":1735,"href":"https:\/\/bienenhahn.de\/index.php?rest_route=\/wp\/v2\/pages\/466\/revisions\/1735"}],"wp:attachment":[{"href":"https:\/\/bienenhahn.de\/index.php?rest_route=%2Fwp%2Fv2%2Fmedia&parent=466"}],"curies":[{"name":"wp","href":"https:\/\/api.w.org\/{rel}","templated":true}]}}