{"id":295,"date":"2018-03-23T09:17:17","date_gmt":"2018-03-23T08:17:17","guid":{"rendered":"http:\/\/bienenhahn.de\/?page_id=295"},"modified":"2026-01-26T09:21:41","modified_gmt":"2026-01-26T08:21:41","slug":"unsere-betriebsweise","status":"publish","type":"page","link":"https:\/\/bienenhahn.de\/?page_id=295","title":{"rendered":"Unsere Betriebsweise"},"content":{"rendered":"<p>Wir imkern im angepa\u00dften Brutraum im Ma\u00df DN1,5 mit Absperrgitter im Kaltbau. Aufgrund der deutlich besseren Fr\u00fchjahrsentwicklung der V\u00f6lker und des geringeren Wassergehalts des Honigs haben wir komplett auf Segeberger Beuten umgestellt.<\/p>\n<p>Im Brutraum befinden sich maximal 7 Waben. Zur Auff\u00fctterung wird die Zarge dann komplett best\u00fcckt. Als Winterfutter verwenden wir Futtersirup auf Weizenbasis. Seit 2020 betreiben wir unseren eigenen Wachskreislauf.<\/p>\n<figure id=\"attachment_888\" aria-describedby=\"caption-attachment-888\" style=\"width: 600px\" class=\"wp-caption aligncenter\"><img loading=\"lazy\" decoding=\"async\" class=\"wp-image-888 size-full\" src=\"https:\/\/bienenhahn.de\/wp-content\/uploads\/2020\/04\/20200425_154101_resized.jpg\" alt=\"\" width=\"600\" height=\"450\" srcset=\"https:\/\/bienenhahn.de\/wp-content\/uploads\/2020\/04\/20200425_154101_resized.jpg 600w, https:\/\/bienenhahn.de\/wp-content\/uploads\/2020\/04\/20200425_154101_resized-300x225.jpg 300w, https:\/\/bienenhahn.de\/wp-content\/uploads\/2020\/04\/20200425_154101_resized-360x270.jpg 360w\" sizes=\"auto, (max-width: 600px) 100vw, 600px\" \/><figcaption id=\"caption-attachment-888\" class=\"wp-caption-text\">Bienenvolk Ende April 2020, rot markiert der Drohnenrahmen<\/figcaption><\/figure>\n<p>&nbsp;<\/p>\n<p>Wir verfolgen folgendes Varroabek\u00e4mpfungskonzept:<\/p>\n<ul>\n<li>Drohnenbrutentnahme<\/li>\n<li>K\u00e4figen der K\u00f6nigin, um das Volk brutfrei zu bekommen (Scalvini K\u00e4fig, Ende Juni, 24 Tage)<\/li>\n<li>Brutfreie V\u00f6lker werden mit 3,5%iger Oxals\u00e4ure L\u00f6sung bespr\u00fcht<\/li>\n<li>je nach Befallsgrad erfolgt eine zus\u00e4tzliche Behandlung mit Thymol<\/li>\n<li>Restentmilbung im brutfreien Zustand, nur nach Bedarf, am Jahresende mit Oxals\u00e4ure als Tr\u00e4ufelbehandlung<\/li>\n<li>Der Milbentotenfall wird von Juli bis Dezember w\u00f6chentlich erfasst und dokumentiert<\/li>\n<\/ul>\n<p>Wir arbeiten nach der Methode der schadschwellenbasierten Behandlung nach Dr. Christian Dreher.<\/p>\n\n\n<p><\/p>\n ","protected":false},"excerpt":{"rendered":"<p>Wir imkern im angepa\u00dften Brutraum im Ma\u00df DN1,5 mit Absperrgitter im Kaltbau. Aufgrund der deutlich besseren Fr\u00fchjahrsentwicklung der V\u00f6lker und des geringeren Wassergehalts des Honigs haben wir komplett auf Segeberger Beuten umgestellt. Im Brutraum befinden sich maximal 7 Waben. Zur Auff\u00fctterung wird die Zarge dann komplett best\u00fcckt. Als Winterfutter verwenden wir Futtersirup auf Weizenbasis. Seit 2020 betreiben wir unseren eigenen Wachskreislauf. &nbsp; Wir verfolgen folgendes Varroabek\u00e4mpfungskonzept: Drohnenbrutentnahme K\u00e4figen der K\u00f6nigin, um das Volk brutfrei zu bekommen (Scalvini K\u00e4fig, Ende Juni,&#8230;<\/p>\n<p class=\"read-more\"><a class=\"btn btn-default\" href=\"https:\/\/bienenhahn.de\/?page_id=295\">Weiterlesen<span class=\"screen-reader-text\"> Weiterlesen<\/span><\/a><\/p>\n","protected":false},"author":1,"featured_media":0,"parent":0,"menu_order":0,"comment_status":"closed","ping_status":"closed","template":"","meta":{"footnotes":""},"class_list":["post-295","page","type-page","status-publish","hentry"],"_links":{"self":[{"href":"https:\/\/bienenhahn.de\/index.php?rest_route=\/wp\/v2\/pages\/295","targetHints":{"allow":["GET"]}}],"collection":[{"href":"https:\/\/bienenhahn.de\/index.php?rest_route=\/wp\/v2\/pages"}],"about":[{"href":"https:\/\/bienenhahn.de\/index.php?rest_route=\/wp\/v2\/types\/page"}],"author":[{"embeddable":true,"href":"https:\/\/bienenhahn.de\/index.php?rest_route=\/wp\/v2\/users\/1"}],"replies":[{"embeddable":true,"href":"https:\/\/bienenhahn.de\/index.php?rest_route=%2Fwp%2Fv2%2Fcomments&post=295"}],"version-history":[{"count":40,"href":"https:\/\/bienenhahn.de\/index.php?rest_route=\/wp\/v2\/pages\/295\/revisions"}],"predecessor-version":[{"id":1721,"href":"https:\/\/bienenhahn.de\/index.php?rest_route=\/wp\/v2\/pages\/295\/revisions\/1721"}],"wp:attachment":[{"href":"https:\/\/bienenhahn.de\/index.php?rest_route=%2Fwp%2Fv2%2Fmedia&parent=295"}],"curies":[{"name":"wp","href":"https:\/\/api.w.org\/{rel}","templated":true}]}}