{"id":192,"date":"2017-11-27T19:27:44","date_gmt":"2017-11-27T18:27:44","guid":{"rendered":"http:\/\/bienenhahn.de\/?page_id=192"},"modified":"2026-03-07T08:21:44","modified_gmt":"2026-03-07T07:21:44","slug":"koeniginnenvermehrung","status":"publish","type":"page","link":"https:\/\/bienenhahn.de\/?page_id=192","title":{"rendered":"K\u00f6niginnenvermehrung"},"content":{"rendered":"<p><strong>K\u00f6niginnenvermehrung<\/strong><\/p>\n<p>J\u00e4hrlich kaufen wir leistungsf\u00e4hige K\u00f6niginnen von einem Z\u00fcchter aus Brandenburg.<\/p>\n<p>Wir konzentrieren uns auf die Honigproduktion und \u00fcberlassen die K\u00f6niginnenvermehrung dem ausgewiesenen Experten.<\/p>\n<p>Den hier beschriebenen Ablauf der K\u00f6niginnenvermehrung haben wir im Jahr 2021 eingestellt.<\/p>\n<p>Die Standbegattung hat zu keinen zufriedenstellenden Ergebnissen gef\u00fchrt. Die zugekauften K\u00f6niginnen sind sanftm\u00fctiger, vitaler und deutlich leistungsst\u00e4rker.<\/p>\n<hr \/>\n<p>Blick zur\u00fcck:<\/p>\n<p>Zum Anziehen der Larve verwenden wir weisellose Sammelbrutableger mit K\u00f6niginnenabsperrgitter vor dem Flugloch.<\/p>\n<p>Zur Terminplanung nutzen wir den Zuchtkalender von <a href=\"http:\/\/www.frankenhonig.de\/zuchtkalender-eingabe.php\" target=\"_blank\" rel=\"noopener noreferrer\">Frankenhonig<\/a>.<\/p>\n<p>Zur Begattung verwenden wir Kieler Begattungsk\u00e4stchen mit 100 Gramm jungen Bienen. Am 4. Tag nach Schlupf werden die Einheiten am Begattungsstand aufgestellt. Die Zeit bis dahin verbringen die Einheiten im dunklen k\u00fchlen Keller zur Selbstfindung. In der Zeit sind sie gut mit Futterteig versorgt. Die jungen K\u00f6niginnen werden an unserem abgesetzten Stand begattet. Hier sind vier Drohnenv\u00f6lker aufgestellt.<\/p>\n<p>Wie werden die jungen K\u00f6niginnen weiter verwendet?<\/p>\n<p>Die K\u00f6niginnen werden entweder im Schutzk\u00e4fig gerade gebildeten Kunstschw\u00e4rmen zugegeben oder\u00a0in entweiselten Altv\u00f6lkern \u00fcber Zeitungspapier komplett im unten offenen Begattungsk\u00e4stchen in einer aufgesetzten Leerzarge dem Wirtschaftvolk zugef\u00fchrt. So wird die junge K\u00f6nigin innerhalb weniger Tage sicher angenommen.<\/p>\n<p>Hier ein paar Fotos zur K\u00f6niginnenvermehrung:<\/p>\n<figure id=\"attachment_446\" aria-describedby=\"caption-attachment-446\" style=\"width: 298px\" class=\"wp-caption aligncenter\"><img loading=\"lazy\" decoding=\"async\" class=\" wp-image-446\" src=\"http:\/\/bienenhahn.de\/wp-content\/uploads\/2018\/06\/umlarven.jpg\" alt=\"\" width=\"298\" height=\"428\" srcset=\"https:\/\/bienenhahn.de\/wp-content\/uploads\/2018\/06\/umlarven.jpg 450w, https:\/\/bienenhahn.de\/wp-content\/uploads\/2018\/06\/umlarven-209x300.jpg 209w, https:\/\/bienenhahn.de\/wp-content\/uploads\/2018\/06\/umlarven-188x270.jpg 188w\" sizes=\"auto, (max-width: 298px) 100vw, 298px\" \/><figcaption id=\"caption-attachment-446\" class=\"wp-caption-text\">Umlarven direkt am Stand<\/figcaption><\/figure>\n<figure id=\"attachment_910\" aria-describedby=\"caption-attachment-910\" style=\"width: 650px\" class=\"wp-caption aligncenter\"><img loading=\"lazy\" decoding=\"async\" class=\"wp-image-910 size-full\" src=\"http:\/\/bienenhahn.de\/wp-content\/uploads\/2020\/05\/20200512_171950_resized.jpg\" alt=\"Zellen\" width=\"650\" height=\"488\" srcset=\"https:\/\/bienenhahn.de\/wp-content\/uploads\/2020\/05\/20200512_171950_resized.jpg 650w, https:\/\/bienenhahn.de\/wp-content\/uploads\/2020\/05\/20200512_171950_resized-300x225.jpg 300w, https:\/\/bienenhahn.de\/wp-content\/uploads\/2020\/05\/20200512_171950_resized-360x270.jpg 360w\" sizes=\"auto, (max-width: 650px) 100vw, 650px\" \/><figcaption id=\"caption-attachment-910\" class=\"wp-caption-text\">K\u00f6niginnenzellen<\/figcaption><\/figure>\n<figure id=\"attachment_662\" aria-describedby=\"caption-attachment-662\" style=\"width: 462px\" class=\"wp-caption aligncenter\"><img loading=\"lazy\" decoding=\"async\" class=\"size-full wp-image-662\" src=\"http:\/\/bienenhahn.de\/wp-content\/uploads\/2019\/05\/20190523_092055_resized.jpg\" alt=\"\" width=\"462\" height=\"347\" srcset=\"https:\/\/bienenhahn.de\/wp-content\/uploads\/2019\/05\/20190523_092055_resized.jpg 462w, https:\/\/bienenhahn.de\/wp-content\/uploads\/2019\/05\/20190523_092055_resized-300x225.jpg 300w, https:\/\/bienenhahn.de\/wp-content\/uploads\/2019\/05\/20190523_092055_resized-359x270.jpg 359w\" sizes=\"auto, (max-width: 462px) 100vw, 462px\" \/><figcaption id=\"caption-attachment-662\" class=\"wp-caption-text\">Fahrt zum Begattungsstand<\/figcaption><\/figure>\n<figure id=\"attachment_663\" aria-describedby=\"caption-attachment-663\" style=\"width: 462px\" class=\"wp-caption aligncenter\"><img loading=\"lazy\" decoding=\"async\" class=\"size-full wp-image-663\" src=\"http:\/\/bienenhahn.de\/wp-content\/uploads\/2019\/05\/20190524_161912_resized.jpg\" alt=\"\" width=\"462\" height=\"347\" srcset=\"https:\/\/bienenhahn.de\/wp-content\/uploads\/2019\/05\/20190524_161912_resized.jpg 462w, https:\/\/bienenhahn.de\/wp-content\/uploads\/2019\/05\/20190524_161912_resized-300x225.jpg 300w, https:\/\/bienenhahn.de\/wp-content\/uploads\/2019\/05\/20190524_161912_resized-359x270.jpg 359w\" sizes=\"auto, (max-width: 462px) 100vw, 462px\" \/><figcaption id=\"caption-attachment-663\" class=\"wp-caption-text\">Begattungsstand<\/figcaption><\/figure>\n<figure id=\"attachment_427\" aria-describedby=\"caption-attachment-427\" style=\"width: 700px\" class=\"wp-caption alignnone\"><img loading=\"lazy\" decoding=\"async\" class=\"size-full wp-image-427\" src=\"http:\/\/bienenhahn.de\/wp-content\/uploads\/2018\/06\/k\u00f6fertig.jpg\" alt=\"\" width=\"700\" height=\"250\" srcset=\"https:\/\/bienenhahn.de\/wp-content\/uploads\/2018\/06\/k\u00f6fertig.jpg 700w, https:\/\/bienenhahn.de\/wp-content\/uploads\/2018\/06\/k\u00f6fertig-300x107.jpg 300w, https:\/\/bienenhahn.de\/wp-content\/uploads\/2018\/06\/k\u00f6fertig-604x216.jpg 604w\" sizes=\"auto, (max-width: 700px) 100vw, 700px\" \/><figcaption id=\"caption-attachment-427\" class=\"wp-caption-text\">Nach der Begattung: Die jungen K\u00f6niginnen sind nun in Eilage und warten auf ihre weitere Verwendung<\/figcaption><\/figure>\n ","protected":false},"excerpt":{"rendered":"<p>K\u00f6niginnenvermehrung J\u00e4hrlich kaufen wir leistungsf\u00e4hige K\u00f6niginnen von einem Z\u00fcchter aus Brandenburg. Wir konzentrieren uns auf die Honigproduktion und \u00fcberlassen die K\u00f6niginnenvermehrung dem ausgewiesenen Experten. Den hier beschriebenen Ablauf der K\u00f6niginnenvermehrung haben wir im Jahr 2021 eingestellt. Die Standbegattung hat zu keinen zufriedenstellenden Ergebnissen gef\u00fchrt. Die zugekauften K\u00f6niginnen sind sanftm\u00fctiger, vitaler und deutlich leistungsst\u00e4rker. Blick zur\u00fcck: Zum Anziehen der Larve verwenden wir weisellose Sammelbrutableger mit K\u00f6niginnenabsperrgitter vor dem Flugloch. Zur Terminplanung nutzen wir den Zuchtkalender von Frankenhonig. Zur Begattung verwenden wir&#8230;<\/p>\n<p class=\"read-more\"><a class=\"btn btn-default\" href=\"https:\/\/bienenhahn.de\/?page_id=192\">Weiterlesen<span class=\"screen-reader-text\"> Weiterlesen<\/span><\/a><\/p>\n","protected":false},"author":1,"featured_media":1590,"parent":0,"menu_order":0,"comment_status":"closed","ping_status":"closed","template":"","meta":{"footnotes":""},"class_list":["post-192","page","type-page","status-publish","has-post-thumbnail","hentry"],"_links":{"self":[{"href":"https:\/\/bienenhahn.de\/index.php?rest_route=\/wp\/v2\/pages\/192","targetHints":{"allow":["GET"]}}],"collection":[{"href":"https:\/\/bienenhahn.de\/index.php?rest_route=\/wp\/v2\/pages"}],"about":[{"href":"https:\/\/bienenhahn.de\/index.php?rest_route=\/wp\/v2\/types\/page"}],"author":[{"embeddable":true,"href":"https:\/\/bienenhahn.de\/index.php?rest_route=\/wp\/v2\/users\/1"}],"replies":[{"embeddable":true,"href":"https:\/\/bienenhahn.de\/index.php?rest_route=%2Fwp%2Fv2%2Fcomments&post=192"}],"version-history":[{"count":62,"href":"https:\/\/bienenhahn.de\/index.php?rest_route=\/wp\/v2\/pages\/192\/revisions"}],"predecessor-version":[{"id":1728,"href":"https:\/\/bienenhahn.de\/index.php?rest_route=\/wp\/v2\/pages\/192\/revisions\/1728"}],"wp:featuredmedia":[{"embeddable":true,"href":"https:\/\/bienenhahn.de\/index.php?rest_route=\/wp\/v2\/media\/1590"}],"wp:attachment":[{"href":"https:\/\/bienenhahn.de\/index.php?rest_route=%2Fwp%2Fv2%2Fmedia&parent=192"}],"curies":[{"name":"wp","href":"https:\/\/api.w.org\/{rel}","templated":true}]}}