{"id":1566,"date":"2024-12-29T11:36:14","date_gmt":"2024-12-29T10:36:14","guid":{"rendered":"https:\/\/bienenhahn.de\/?page_id=1566"},"modified":"2026-04-23T14:43:40","modified_gmt":"2026-04-23T12:43:40","slug":"honig-2","status":"publish","type":"page","link":"https:\/\/bienenhahn.de\/?page_id=1566","title":{"rendered":"Honig"},"content":{"rendered":"\n<p>Wir produzieren unseren Honig nach den strengen Qualit\u00e4tskriterien des Deutschen Imkerbundes. Damit ist unser Honig ein unverf\u00e4lschtes, schonend abgef\u00fclltes und hochwertiges Naturprodukt. Der Honig gelangt direkt aus der Wabe ins Glas. Nach dem Schleudern l\u00e4uft er durch ein Grob- und Feinsieb und steht dann zur Abf\u00fcllung bereit. Honig vom regionalen Imker ist leckerer Naturgenuss h\u00f6chster G\u00fcte!<\/p>\n\n\n\n<p>Mit dem Kauf von lokalem Honig unterst\u00fctzen sie die Bienenhaltung in ihrer Umgebung, denn viel wichtiger als der gesammelte Nektar, ist die Best\u00e4ubung unserer Kulturpflanzen. Ohne Honigbienen auch keine Kirschen, \u00c4pfel, Birnen, Pflaumen und Beeren in ihrem Garten. Ganze 80% unserer Kulturpflanzen sind von der Best\u00e4ubung der Honigbienen abh\u00e4ngig.<\/p>\n\n\n\n<p>Honig l\u00e4\u00dft sich aus fernen L\u00e4ndern importieren, Best\u00e4ubungsleistung nicht!<\/p>\n\n\n\n<p>Kaufe lokal &amp; regional und finde heraus, wie unsere Region schmeckt! <\/p>\n\n\n\n<p><\/p>\n\n\n\n<p><\/p>\n\n\n\n<p><strong>Wo kann ich Honig kaufen?<\/strong><\/p>\n\n\n\n<p>Direkt bei uns, hier ist neben Barzahlung auch Kartenzahlung (Apple Pay, Google Pay etc.) und PayPal m\u00f6glich.<\/p>\n\n\n\n<p>In der <a href=\"https:\/\/www.teltow.de\/seite\/706509\/tourist-information.html#content\" target=\"_blank\" rel=\"noreferrer noopener\">Tourist Information im Teltower Rathaus<\/a> am Marktplatz 1-3,<br>im <a href=\"https:\/\/www.dorfstr19.de\/\" target=\"_blank\" rel=\"noreferrer noopener\">Hofladen \u2013 Dorfstrasse 19 <\/a>in Teltow-Ruhlsdorf<\/p>\n\n\n\n<p>in der&nbsp;<a href=\"https:\/\/konditorei-schroeter.de\/\">Konditorei Schroeter<\/a>&nbsp;in Berlin-Lichterfelde; Enzianstr. 1<br>im <a href=\"https:\/\/www.dreikaesehoch.berlin\/\" target=\"_blank\" rel=\"noreferrer noopener\">Caf\u00e9 Dreik\u00e4sehoch<\/a> in der Berliner Str.2 in Teltow<\/p>\n\n\n\n<p><\/p>\n\n\n\n<p>Regelm\u00e4\u00dfig sind wir mit unserem Verkaufsstand im Gartencenter Pflanzen-K\u00f6lle in Teltow vertreten. Beispielsweise zum Bienenfest, Kr\u00e4uterfest, Herbstfest, Kundenabend oder zum Wintermarkt.<\/p>\n\n\n\n<p><\/p>\n\n\n\n<p><strong>Wissenswertes zu unseren Honigen:<\/strong><\/p>\n\n\n\n<p>Je nach Pflanzenangebot in der Umgebung (Flugradius mehrere Kilometer) und Witterung gibt es \u00fcber das Jahr unterschiedliche Sorten Honig. Da wir mit unseren Bienen nicht weit wandern, beschr\u00e4nkt sich das Nektarangebot f\u00fcr unsere Bienen auf die B\u00e4ume und Pflanzen aus den G\u00e4rten der Umgebung von Teltow und Stahnsdorf oder auch mal etwas Raps aus der weiteren Umgebung.<\/p>\n\n\n\n<p>Die erste Ernte im Jahr, die <strong>Fr\u00fchtracht oder der Fr\u00fchlingsbl\u00fctenhonig<\/strong>, beinhaltet Nektar der fr\u00fch bl\u00fchenden Pflanzen, wie Kornelkirschen, Mirabellen, S\u00fc\u00dfkirschen,<br>aber auch L\u00f6wenzahn und ggf. etwas Raps. Die Fr\u00fchtracht ist der Honig mit der gr\u00f6\u00dften Nektarvielfalt.<br>Der Geschmack des Fr\u00fchtrachthonig ist aromatisch mild. Durch die Abh\u00e4ngigkeit des Witterungsverlaufs<br>ist der Fr\u00fchtrachthonig jedes Jahr anders, wie bei einem guten Wein.<\/p>\n\n\n\n<p>Unser <strong>Rapshonig <\/strong>stammt aus der n\u00e4heren Umgebung. Rapshonig ist ein feinaromatischer sehr heller Honig.<br><\/p>\n\n\n\n<p>Die zweite Ernte enth\u00e4lt viel Nektar der <strong>Robinie<\/strong>. Die Robinie, auch Scheinakazie genannt liefert einen<br>ganz klaren milden Honig mit fl\u00fcssiger Konsistenz.<\/p>\n\n\n\n<p>Die dritte Ernte stammt von den zahlreichen Lindenb\u00e4umen in der Umgebung.<br><strong>Lindenbl\u00fctenhonig<\/strong> hat ein kr\u00e4ftiges Aroma.<\/p>\n\n\n\n<p>Zwischen den Ernten liegen nur wenige Wochen, beginnend etwa Mitte Mai bis Mitte Juli, dann endet das Bienenjahr bereits.<br>Heidehonig oder Tannenhonig kann hier nicht gewonnen werden.<\/p>\n\n\n\n<p><\/p>\n\n\n\n<p class=\"has-text-align-right\"><img loading=\"lazy\" decoding=\"async\" width=\"400\" height=\"533\" class=\"wp-image-1565\" style=\"width: 400px;\" src=\"https:\/\/bienenhahn.de\/wp-content\/uploads\/2024\/12\/Schleuder_20240622_094518-scaled.jpg\" alt=\"Honigschleuder und Kl\u00e4rbeh\u00e4lter\" srcset=\"https:\/\/bienenhahn.de\/wp-content\/uploads\/2024\/12\/Schleuder_20240622_094518-scaled.jpg 1920w, https:\/\/bienenhahn.de\/wp-content\/uploads\/2024\/12\/Schleuder_20240622_094518-225x300.jpg 225w, https:\/\/bienenhahn.de\/wp-content\/uploads\/2024\/12\/Schleuder_20240622_094518-768x1024.jpg 768w, https:\/\/bienenhahn.de\/wp-content\/uploads\/2024\/12\/Schleuder_20240622_094518-1152x1536.jpg 1152w, https:\/\/bienenhahn.de\/wp-content\/uploads\/2024\/12\/Schleuder_20240622_094518-1536x2048.jpg 1536w, https:\/\/bienenhahn.de\/wp-content\/uploads\/2024\/12\/Schleuder_20240622_094518-203x270.jpg 203w\" sizes=\"auto, (max-width: 400px) 100vw, 400px\" \/> <img loading=\"lazy\" decoding=\"async\" width=\"400\" height=\"533\" class=\"wp-image-1564\" style=\"width: 400px;\" src=\"https:\/\/bienenhahn.de\/wp-content\/uploads\/2024\/12\/Klaerfass_20240619_150439-scaled.jpg\" alt=\"Kl\u00e4rbeh\u00e4lter\" srcset=\"https:\/\/bienenhahn.de\/wp-content\/uploads\/2024\/12\/Klaerfass_20240619_150439-scaled.jpg 1920w, https:\/\/bienenhahn.de\/wp-content\/uploads\/2024\/12\/Klaerfass_20240619_150439-225x300.jpg 225w, https:\/\/bienenhahn.de\/wp-content\/uploads\/2024\/12\/Klaerfass_20240619_150439-768x1024.jpg 768w, https:\/\/bienenhahn.de\/wp-content\/uploads\/2024\/12\/Klaerfass_20240619_150439-1152x1536.jpg 1152w, https:\/\/bienenhahn.de\/wp-content\/uploads\/2024\/12\/Klaerfass_20240619_150439-1536x2048.jpg 1536w, https:\/\/bienenhahn.de\/wp-content\/uploads\/2024\/12\/Klaerfass_20240619_150439-203x270.jpg 203w\" sizes=\"auto, (max-width: 400px) 100vw, 400px\" \/><\/p>\n\n\n\n<p><img loading=\"lazy\" decoding=\"async\" width=\"400\" height=\"533\" class=\"wp-image-1589\" style=\"width: 400px;\" src=\"https:\/\/bienenhahn.de\/wp-content\/uploads\/2024\/12\/Raps_20240512_170057-scaled.jpg\" alt=\"Rapshonig, cremig\" srcset=\"https:\/\/bienenhahn.de\/wp-content\/uploads\/2024\/12\/Raps_20240512_170057-scaled.jpg 1920w, https:\/\/bienenhahn.de\/wp-content\/uploads\/2024\/12\/Raps_20240512_170057-225x300.jpg 225w, https:\/\/bienenhahn.de\/wp-content\/uploads\/2024\/12\/Raps_20240512_170057-768x1024.jpg 768w, https:\/\/bienenhahn.de\/wp-content\/uploads\/2024\/12\/Raps_20240512_170057-1152x1536.jpg 1152w, https:\/\/bienenhahn.de\/wp-content\/uploads\/2024\/12\/Raps_20240512_170057-1536x2048.jpg 1536w, https:\/\/bienenhahn.de\/wp-content\/uploads\/2024\/12\/Raps_20240512_170057-203x270.jpg 203w\" sizes=\"auto, (max-width: 400px) 100vw, 400px\" \/> <\/p>\n\n\n\n<figure class=\"wp-block-image\"><img loading=\"lazy\" decoding=\"async\" width=\"2560\" height=\"1920\" src=\"https:\/\/bienenhahn.de\/wp-content\/uploads\/2025\/12\/20250503_172718-scaled.jpg\" alt=\"Technik\" class=\"wp-image-1712\" srcset=\"https:\/\/bienenhahn.de\/wp-content\/uploads\/2025\/12\/20250503_172718-scaled.jpg 2560w, https:\/\/bienenhahn.de\/wp-content\/uploads\/2025\/12\/20250503_172718-300x225.jpg 300w, https:\/\/bienenhahn.de\/wp-content\/uploads\/2025\/12\/20250503_172718-1024x768.jpg 1024w, https:\/\/bienenhahn.de\/wp-content\/uploads\/2025\/12\/20250503_172718-768x576.jpg 768w, https:\/\/bienenhahn.de\/wp-content\/uploads\/2025\/12\/20250503_172718-1536x1152.jpg 1536w, https:\/\/bienenhahn.de\/wp-content\/uploads\/2025\/12\/20250503_172718-2048x1536.jpg 2048w, https:\/\/bienenhahn.de\/wp-content\/uploads\/2025\/12\/20250503_172718-360x270.jpg 360w\" sizes=\"auto, (max-width: 2560px) 100vw, 2560px\" \/><\/figure>\n\n\n\n<p><strong>Warum kristallisiert Honig aus?<\/strong><\/p>\n\n\n\n<p>Einige Honigsorten bleiben lange fl\u00fcssig, andere kristallisieren schnell aus.<br>Dies h\u00e4ngt von der nat\u00fcrlichen Zuckerzusammensetzung ab.<\/p>\n\n\n\n<p>Jeder Honig enth\u00e4lt Frucht- und Traubenzucker. Die beiden nat\u00fcrlichen Zuckerarten variieren je nach Sorte.<br>Rapshonig enth\u00e4lt viel Traubenzucker, dieser bildet Kristalle, der Honig wird sehr schnell fest. Robinienhonig bleibt sehr lange fl\u00fcssig.<\/p>\n\n\n\n<p>Das Kristallisation des Honigs ist ein Zeichen, dass dieser naturbelassen ist.<br>Vor dem Abf\u00fcllen kann Honig ger\u00fchrt werden, damit bleibt er cremig, an der Zusammensetzung \u00e4ndert sich nichts. Fester Honig wird im Wasserbad bis maximal 40 Grad Celsius wieder fl\u00fcssig. Bei h\u00f6heren Temperaturen gehen die wertvollen Inhaltsstoffe verloren!<\/p>\n\n\n\n<p>Lagern sie Honig trocken, dunkel und k\u00fchl!<\/p>\n\n\n\n<p>In unserem Honiglager sind ganzj\u00e4hrig 15\u00b0C bei 50% Luftfeuchte und Dunkelheit.<\/p>\n\n\n\n<p>Wir bieten folgende Honige an:<\/p>\n\n\n\n<p>Fr\u00fchjahrsbl\u00fctenhonig, cremig<\/p>\n\n\n\n<p>Rapshonig, cremig<\/p>\n\n\n\n<p>Robinienhonig, fl\u00fcssig<\/p>\n\n\n\n<p>Sommerbl\u00fctenhonig, fl\u00fcssig<\/p>\n\n\n\n<p>Lindenhonig, fl\u00fcssig oder cremig<\/p>\n\n\n\n<p>500g Glas zum Preis von 7,50 \u20ac, Mengenrabatte ab 12 Gl\u00e4ser (Karton) auf Anfrage; <a href=\"mailto: honig@bienenhahn.de?subject=H\u00e4ndleranfrage\">H\u00e4ndleranfragen erw\u00fcnscht.<\/a><\/p>\n\n\n\n<p>Wir bieten <strong>keinen <\/strong>Wabenhonig an.<\/p>\n\n\n\n<p><\/p>\n\n\n\n<p class=\"has-text-align-center\"><\/p>\n\n\n\n<p class=\"has-text-align-center\"><\/p>\n\n\n\n<p><\/p>\n ","protected":false},"excerpt":{"rendered":"<p>Wir produzieren unseren Honig nach den strengen Qualit\u00e4tskriterien des Deutschen Imkerbundes. Damit ist unser Honig ein unverf\u00e4lschtes, schonend abgef\u00fclltes und hochwertiges Naturprodukt. Der Honig gelangt direkt aus der Wabe ins Glas. Nach dem Schleudern l\u00e4uft er durch ein Grob- und Feinsieb und steht dann zur Abf\u00fcllung bereit. Honig vom regionalen Imker ist leckerer Naturgenuss h\u00f6chster G\u00fcte! Mit dem Kauf von lokalem Honig unterst\u00fctzen sie die Bienenhaltung in ihrer Umgebung, denn viel wichtiger als der gesammelte Nektar, ist die Best\u00e4ubung unserer&#8230;<\/p>\n<p class=\"read-more\"><a class=\"btn btn-default\" href=\"https:\/\/bienenhahn.de\/?page_id=1566\">Weiterlesen<span class=\"screen-reader-text\"> Weiterlesen<\/span><\/a><\/p>\n","protected":false},"author":1,"featured_media":1151,"parent":0,"menu_order":0,"comment_status":"closed","ping_status":"closed","template":"","meta":{"footnotes":""},"class_list":["post-1566","page","type-page","status-publish","has-post-thumbnail","hentry"],"_links":{"self":[{"href":"https:\/\/bienenhahn.de\/index.php?rest_route=\/wp\/v2\/pages\/1566","targetHints":{"allow":["GET"]}}],"collection":[{"href":"https:\/\/bienenhahn.de\/index.php?rest_route=\/wp\/v2\/pages"}],"about":[{"href":"https:\/\/bienenhahn.de\/index.php?rest_route=\/wp\/v2\/types\/page"}],"author":[{"embeddable":true,"href":"https:\/\/bienenhahn.de\/index.php?rest_route=\/wp\/v2\/users\/1"}],"replies":[{"embeddable":true,"href":"https:\/\/bienenhahn.de\/index.php?rest_route=%2Fwp%2Fv2%2Fcomments&post=1566"}],"version-history":[{"count":49,"href":"https:\/\/bienenhahn.de\/index.php?rest_route=\/wp\/v2\/pages\/1566\/revisions"}],"predecessor-version":[{"id":1740,"href":"https:\/\/bienenhahn.de\/index.php?rest_route=\/wp\/v2\/pages\/1566\/revisions\/1740"}],"wp:featuredmedia":[{"embeddable":true,"href":"https:\/\/bienenhahn.de\/index.php?rest_route=\/wp\/v2\/media\/1151"}],"wp:attachment":[{"href":"https:\/\/bienenhahn.de\/index.php?rest_route=%2Fwp%2Fv2%2Fmedia&parent=1566"}],"curies":[{"name":"wp","href":"https:\/\/api.w.org\/{rel}","templated":true}]}}